{"id":3636,"date":"2017-12-18T10:49:38","date_gmt":"2017-12-18T10:49:38","guid":{"rendered":"https:\/\/dev.roselinedethelin.com\/childrenteens\/"},"modified":"2018-02-22T18:05:47","modified_gmt":"2018-02-22T18:05:47","slug":"ninosyjovenes","status":"publish","type":"page","link":"https:\/\/dev.roselinedethelin.com\/es\/ninosyjovenes\/","title":{"rendered":"Ni\u00f1os y J\u00f3venes"},"content":{"rendered":"<p>TERAPIA DE JUEGO Y CREACI\u00d3N ART\u00cdSTICA<\/p>\n<p>Jugar, crear, crecer<\/p>\n<p>El juego y la creatividad son los medios naturales de expresi\u00f3n y aprendizaje para ni\u00f1os y adolescentes. La terapia de juego es un modelo terap\u00e9utico efectivo, y reconocido, que fomenta la autorregulaci\u00f3n en el desarrollo infantil.<br \/>\nEl juego y la creaci\u00f3n son la manera natural de experimentar y comunicarse para los jovenes, de aprender sobre el mundo y sus relaciones, de poner a prueba la realidad, explorar las emociones y los roles.<br \/>\nSi sientes que tu hija\/o tiene dificultades para adaptarse a su entorno vital, se siente aislada\/o o ansiosa\/o, las sesiones de juego y arteterapia le dar\u00e1n un espacio abierto, emp\u00e1tico y solidario donde poder expresar su historia personal, sus sentimientos y frustraciones, expresar experiencias dolorosas o aterradoras, aliviar la ansiedad y el estr\u00e9s.<br \/>\nEl juego y el arte le dar\u00e1n oportunidades para acceder a recursos internos, encontrar la confianza para superar las dificultades y recuperar todo su potencial.<br \/>\nQuiz\u00e1s sientes que tu hija\/o no est\u00e1 activando sus potencialidades creativas y art\u00edsticas en el ambiente escolar. Este espacio de arte individual ofrece a tu hija\/o o adolescente una oportunidad para dar vida a ideas creativas, explorar, descubrir, ganar confianza y desarrollar aptitudes naturales.<br \/>\nLas sesiones individuales para j\u00f3venes se adaptan a las necesidades individuales<br \/>\nEl coste\u00a0es de 45 euros\u00a0por sesi\u00f3n incluyendo material art\u00edstico. Para m\u00e1s informaci\u00f3n o para reservar una sesi\u00f3n en mi estudio ponte en contacto en el enlace de abajo.<\/p>\n<p>El estudio de Roseline ha sido la cuna de muchos proyectos art\u00edsticos y vibra con energ\u00eda creativa.<br \/>\nEl estudio es un espacio luminoso de 70 m2 con techos altos, totalmente equipado, con un \u00e1rea de campo al aire libre, perfecto para explorar todas las modalidades de la expresi\u00f3n art\u00edstica y compartir \u00edntimamente.<br \/>\nEl estudio se encuentra a pocos minutos en coche del pueblo de Santa Eulalia, en el noreste de la isla de Ibiza.<\/p>\n<p>Contact &#038; Booking<\/p>\n<p>Location<\/p>\n<p><!-- {\"name\":\"\",\"type\":\"layout\",\"children\":[{\"name\":\"Art & Consciousness\",\"type\":\"section\",\"props\":{\"style\":\"default\",\"width\":\"default\",\"image_size\":\"cover\",\"image_position\":\"center-center\",\"vertical_align\":\"\",\"title_position\":\"top-left\",\"title_rotation\":\"left\",\"title_breakpoint\":\"xl\",\"padding_remove_top\":false,\"padding\":\"large\",\"image\":\"wp-content\\\/uploads\\\/PlayTherapy02.jpg\",\"overlap\":false,\"height\":\"full\",\"header_transparent\":\"\"},\"children\":[{\"name\":\"\",\"type\":\"row\",\"props\":{\"fixed_width\":\"large\",\"breakpoint\":\"m\",\"layout\":\"1-1\",\"vertical_align\":false},\"children\":[{\"name\":\"\",\"type\":\"column\",\"props\":{\"widths\":[\"1-1\"],\"image_position\":\"center-center\"},\"children\":[{\"name\":\"\",\"type\":\"headline\",\"props\":{\"title_element\":\"h1\",\"title_style\":\"h1\",\"content\":\"TERAPIA DE JUEGO Y CREACI\\u00d3N ART\\u00cdSTICA\",\"text_align\":\"left\",\"margin_remove_top\":true}}]}]}]},{\"name\":\"\",\"type\":\"section\",\"props\":{\"style\":\"default\",\"width\":\"default\",\"vertical_align\":\"middle\",\"title_position\":\"top-left\",\"title_rotation\":\"left\",\"title_breakpoint\":\"xl\",\"image_position\":\"center-center\",\"padding\":\"xsmall\",\"padding_remove_bottom\":true},\"children\":[{\"name\":\"\",\"type\":\"row\",\"props\":{\"fixed_width\":\"large\",\"breakpoint\":\"m\",\"layout\":\"1-1\"},\"children\":[{\"name\":\"\",\"type\":\"column\",\"props\":{\"widths\":[\"1-1\"],\"image_position\":\"center-center\"},\"children\":[{\"name\":\"\",\"type\":\"headline\",\"props\":{\"title_element\":\"h3\",\"content\":\"\n\n<p>Jugar, crear, crecer<\\\/p>\",\"title_style\":\"h3\",\"title_color\":\"primary\"}},{\"name\":\"\",\"type\":\"text\",\"props\":{\"margin\":\"default\",\"column_breakpoint\":\"m\",\"content\":\"\n\n<p style=\\\"text-align: justify;\\\">El juego y la creatividad son los medios naturales de expresi\\u00f3n y aprendizaje para ni\\u00f1os y adolescentes. La terapia de juego es un modelo terap\\u00e9utico efectivo, y reconocido, que fomenta la autorregulaci\\u00f3n en el desarrollo infantil.<\\\/p>\\n\n\n<p style=\\\"text-align: justify;\\\">El juego y la creaci\\u00f3n son la manera natural de experimentar y comunicarse para los jovenes, de aprender sobre el mundo y sus relaciones, de poner a prueba la realidad, explorar las emociones y los roles.<\\\/p>\\n\n\n<p style=\\\"text-align: justify;\\\">Si sientes que tu hija\\\/o tiene dificultades para adaptarse a su entorno vital, se siente aislada\\\/o o ansiosa\\\/o, las sesiones de juego y arteterapia le dar\\u00e1n un espacio abierto, emp\\u00e1tico y solidario donde poder expresar su historia personal, sus sentimientos y frustraciones, expresar experiencias dolorosas o aterradoras, aliviar la ansiedad y el estr\\u00e9s.<\\\/p>\\n\n\n<p style=\\\"text-align: justify;\\\">El juego y el arte le dar\\u00e1n oportunidades para acceder a recursos internos, encontrar la confianza para superar las dificultades y recuperar todo su potencial.<\\\/p>\\n\n\n<p style=\\\"text-align: justify;\\\">Quiz\\u00e1s sientes que tu hija\\\/o no est\\u00e1 activando sus potencialidades creativas y art\\u00edsticas en el ambiente escolar. Este espacio de arte individual ofrece a tu hija\\\/o o adolescente una oportunidad para dar vida a ideas creativas, explorar, descubrir, ganar confianza y desarrollar aptitudes naturales.<\\\/p>\\n\n\n<p style=\\\"text-align: justify;\\\">Las sesiones individuales para j\\u00f3venes se adaptan a las necesidades individuales<\\\/p>\\n\n\n<p style=\\\"text-align: justify;\\\"><b>El coste<\\\/b>\\u00a0es de 45 euros\\u00a0por sesi\\u00f3n incluyendo material art\\u00edstico. Para m\\u00e1s informaci\\u00f3n o para reservar una sesi\\u00f3n en mi estudio ponte en contacto en el enlace de abajo.<\\\/p>\"}}]}]}]},{\"name\":\"\",\"type\":\"section\",\"props\":{\"style\":\"default\",\"width\":\"default\",\"vertical_align\":\"middle\",\"title_position\":\"top-left\",\"title_rotation\":\"left\",\"title_breakpoint\":\"xl\",\"image_position\":\"center-center\",\"padding\":\"xsmall\"},\"children\":[{\"name\":\"\",\"type\":\"row\",\"props\":{\"fixed_width\":\"large\",\"breakpoint\":\"m\",\"layout\":\"1-1\"},\"children\":[{\"name\":\"\",\"type\":\"column\",\"props\":{\"widths\":[\"1-1\"],\"image_position\":\"center-center\"},\"children\":[{\"name\":\"\",\"type\":\"gallery\",\"props\":{\"show_title\":false,\"show_meta\":false,\"show_content\":false,\"show_link\":false,\"show_hover_image\":false,\"grid_default\":\"1\",\"grid_medium\":\"3\",\"overlay_mode\":\"cover\",\"overlay_hover\":false,\"overlay_style\":\"\",\"text_color\":\"light\",\"overlay_position\":\"center\",\"overlay_transition\":\"fade\",\"title_element\":\"h3\",\"meta_style\":\"meta\",\"meta_align\":\"bottom\",\"text_align\":\"center\",\"margin\":\"small\",\"grid_small\":\"1\",\"grid_large\":\"3\",\"grid_xlarge\":\"3\"},\"children\":[{\"name\":\"\",\"type\":\"gallery_item\",\"props\":{\"image\":\"wp-content\\\/uploads\\\/PlayTherapy03.jpg\"}},{\"name\":\"\",\"type\":\"gallery_item\",\"props\":{\"image\":\"wp-content\\\/uploads\\\/PlayTherapy05.jpg\"}},{\"name\":\"\",\"type\":\"gallery_item\",\"props\":{\"image\":\"wp-content\\\/uploads\\\/Studio04.jpg\"}}]}]}]}]},{\"name\":\"\",\"type\":\"section\",\"props\":{\"style\":\"default\",\"width\":\"default\",\"vertical_align\":\"middle\",\"title_position\":\"top-left\",\"title_rotation\":\"left\",\"title_breakpoint\":\"xl\",\"image_position\":\"center-center\",\"padding\":\"xsmall\"},\"children\":[{\"name\":\"\",\"type\":\"row\",\"props\":{\"fixed_width\":\"large\",\"breakpoint\":\"m\",\"layout\":\"1-1\"},\"children\":[{\"name\":\"\",\"type\":\"column\",\"props\":{\"widths\":[\"1-1\"],\"image_position\":\"center-center\"},\"children\":[{\"name\":\"\",\"type\":\"text\",\"props\":{\"margin\":\"default\",\"column_breakpoint\":\"m\",\"content\":\"\n\n<p style=\\\"text-align: justify;\\\">El estudio de Roseline ha sido la cuna de muchos proyectos art\\u00edsticos y vibra con energ\\u00eda creativa.<\\\/p>\\n\n\n<p style=\\\"text-align: justify;\\\">El estudio es un espacio luminoso de 70 m2 con techos altos, totalmente equipado, con un \\u00e1rea de campo al aire libre, perfecto para explorar todas las modalidades de la expresi\\u00f3n art\\u00edstica y compartir \\u00edntimamente.<\\\/p>\\n\n\n<p style=\\\"text-align: justify;\\\">El estudio se encuentra a pocos minutos en coche del pueblo de Santa Eulalia, en el noreste de la isla de Ibiza.<\\\/p>\"}}]}]}]},{\"name\":\"\",\"type\":\"section\",\"props\":{\"style\":\"default\",\"width\":\"default\",\"vertical_align\":\"middle\",\"title_position\":\"top-left\",\"title_rotation\":\"left\",\"title_breakpoint\":\"xl\",\"image_position\":\"center-center\",\"padding\":\"none\"},\"children\":[{\"name\":\"\",\"type\":\"row\",\"props\":{\"fixed_width\":\"large\",\"breakpoint\":\"m\",\"layout\":\",,\",\"vertical_align\":true,\"width\":\"\"},\"children\":[{\"name\":\"\",\"type\":\"column\",\"props\":{\"widths\":[\"\"],\"image_position\":\"center-center\"},\"children\":[{\"name\":\"\",\"type\":\"button\",\"props\":{\"gutter\":\"small\",\"margin\":\"remove-vertical\"},\"children\":[{\"name\":\"\",\"type\":\"button_item\",\"props\":{\"button_style\":\"muted\",\"icon_align\":\"left\",\"content\":\"Contact & Booking\",\"link\":\"https:\\\/\\\/dev.roselinedethelin.com\\\/contact\\\/\"}}]}]},{\"name\":\"\",\"type\":\"column\",\"props\":{\"widths\":[\"\"],\"image_position\":\"center-center\"},\"children\":[{\"name\":\"\",\"type\":\"button\",\"props\":{\"gutter\":\"small\",\"margin\":\"remove-vertical\"},\"children\":[{\"name\":\"\",\"type\":\"button_item\",\"props\":{\"button_style\":\"muted\",\"icon_align\":\"left\",\"content\":\"Location\",\"link\":\"https:\\\/\\\/goo.gl\\\/maps\\\/ra5QkixUCJJ2\",\"link_target\":true}}]}]},{\"name\":\"\",\"type\":\"column\",\"props\":{\"widths\":[\"\"],\"image_position\":\"center-center\"}}]}]},{\"name\":\"\",\"type\":\"section\",\"props\":{\"style\":\"default\",\"width\":\"default\",\"image_position\":\"center-center\",\"padding\":\"none\",\"vertical_align\":\"middle\",\"title_position\":\"top-left\",\"title_rotation\":\"left\",\"title_breakpoint\":\"xl\"},\"children\":[{\"name\":\"\",\"type\":\"row\",\"props\":{\"fixed_width\":\"large\",\"breakpoint\":\"m\",\"layout\":\"1-1\"},\"children\":[{\"name\":\"\",\"type\":\"column\",\"props\":{\"image_position\":\"center-center\",\"widths\":[\"1-1\"]},\"children\":[{\"name\":\"\",\"type\":\"totop\",\"props\":{\"margin\":\"remove-vertical\",\"text_align\":\"right\"}}]}]}]}]} --><\/p>\n<!-- AddThis Advanced Settings generic via filter on the_content --><!-- AddThis Share Buttons generic via filter on the_content -->","protected":false},"excerpt":{"rendered":"<p>TERAPIA DE JUEGO Y CREACI\u00d3N ART\u00cdSTICA Jugar, crear, crecer El juego y la creatividad son los medios naturales de expresi\u00f3n y aprendizaje para ni\u00f1os y adolescentes. La terapia de juego es un modelo terap\u00e9utico efectivo, y reconocido, que fomenta la autorregulaci\u00f3n en el desarrollo infantil. El juego y la creaci\u00f3n son la manera natural de [&hellip;]<!-- AddThis Advanced Settings generic via filter on wp_trim_excerpt --><!-- AddThis Share Buttons generic via filter on wp_trim_excerpt --><\/p>\n","protected":false},"author":2,"featured_media":0,"parent":0,"menu_order":0,"comment_status":"closed","ping_status":"closed","template":"","meta":[],"yoast_head":"<!-- This site is optimized with the Yoast SEO plugin v21.1 - https:\/\/yoast.com\/wordpress\/plugins\/seo\/ -->\n<title>Ni\u00f1os y J\u00f3venes - Roseline de Th\u00e9lin<\/title>\n<meta name=\"robots\" content=\"index, follow, max-snippet:-1, max-image-preview:large, max-video-preview:-1\" \/>\n<link rel=\"canonical\" href=\"https:\/\/dev.roselinedethelin.com\/childrenteens\/\" \/>\n<meta property=\"og:locale\" content=\"es_ES\" \/>\n<meta property=\"og:type\" content=\"article\" \/>\n<meta property=\"og:title\" content=\"Ni\u00f1os y J\u00f3venes - Roseline de Th\u00e9lin\" \/>\n<meta property=\"og:description\" content=\"TERAPIA DE JUEGO Y CREACI\u00d3N ART\u00cdSTICA Jugar, crear, crecer El juego y la creatividad son los medios naturales de expresi\u00f3n y aprendizaje para ni\u00f1os y adolescentes. La terapia de juego es un modelo terap\u00e9utico efectivo, y reconocido, que fomenta la autorregulaci\u00f3n en el desarrollo infantil. El juego y la creaci\u00f3n son la manera natural de [&hellip;]\" \/>\n<meta property=\"og:url\" content=\"https:\/\/dev.roselinedethelin.com\/childrenteens\/\" \/>\n<meta property=\"og:site_name\" content=\"Roseline de Th\u00e9lin\" \/>\n<meta property=\"article:modified_time\" content=\"2018-02-22T18:05:47+00:00\" \/>\n<meta name=\"twitter:card\" content=\"summary_large_image\" \/>\n<meta name=\"twitter:label1\" content=\"Tiempo de lectura\" \/>\n\t<meta name=\"twitter:data1\" content=\"2 minutos\" \/>\n<script type=\"application\/ld+json\" class=\"yoast-schema-graph\">{\"@context\":\"https:\/\/schema.org\",\"@graph\":[{\"@type\":\"WebPage\",\"@id\":\"https:\/\/dev.roselinedethelin.com\/childrenteens\/\",\"url\":\"https:\/\/dev.roselinedethelin.com\/childrenteens\/\",\"name\":\"Ni\u00f1os y J\u00f3venes - Roseline de Th\u00e9lin\",\"isPartOf\":{\"@id\":\"https:\/\/dev.roselinedethelin.com\/#website\"},\"datePublished\":\"2017-12-18T10:49:38+00:00\",\"dateModified\":\"2018-02-22T18:05:47+00:00\",\"breadcrumb\":{\"@id\":\"https:\/\/dev.roselinedethelin.com\/childrenteens\/#breadcrumb\"},\"inLanguage\":\"es\",\"potentialAction\":[{\"@type\":\"ReadAction\",\"target\":[\"https:\/\/dev.roselinedethelin.com\/childrenteens\/\"]}]},{\"@type\":\"BreadcrumbList\",\"@id\":\"https:\/\/dev.roselinedethelin.com\/childrenteens\/#breadcrumb\",\"itemListElement\":[{\"@type\":\"ListItem\",\"position\":1,\"name\":\"Home\",\"item\":\"https:\/\/dev.roselinedethelin.com\/\"},{\"@type\":\"ListItem\",\"position\":2,\"name\":\"Ni\u00f1os y J\u00f3venes\"}]},{\"@type\":\"WebSite\",\"@id\":\"https:\/\/dev.roselinedethelin.com\/#website\",\"url\":\"https:\/\/dev.roselinedethelin.com\/\",\"name\":\"Roseline de Th\u00e9lin\",\"description\":\"Artist, Creative life coach, Art play therapist\",\"potentialAction\":[{\"@type\":\"SearchAction\",\"target\":{\"@type\":\"EntryPoint\",\"urlTemplate\":\"https:\/\/dev.roselinedethelin.com\/?s={search_term_string}\"},\"query-input\":\"required name=search_term_string\"}],\"inLanguage\":\"es\"}]}<\/script>\n<!-- \/ Yoast SEO plugin. -->","yoast_head_json":{"title":"Ni\u00f1os y J\u00f3venes - Roseline de Th\u00e9lin","robots":{"index":"index","follow":"follow","max-snippet":"max-snippet:-1","max-image-preview":"max-image-preview:large","max-video-preview":"max-video-preview:-1"},"canonical":"https:\/\/dev.roselinedethelin.com\/childrenteens\/","og_locale":"es_ES","og_type":"article","og_title":"Ni\u00f1os y J\u00f3venes - Roseline de Th\u00e9lin","og_description":"TERAPIA DE JUEGO Y CREACI\u00d3N ART\u00cdSTICA Jugar, crear, crecer El juego y la creatividad son los medios naturales de expresi\u00f3n y aprendizaje para ni\u00f1os y adolescentes. La terapia de juego es un modelo terap\u00e9utico efectivo, y reconocido, que fomenta la autorregulaci\u00f3n en el desarrollo infantil. El juego y la creaci\u00f3n son la manera natural de [&hellip;]","og_url":"https:\/\/dev.roselinedethelin.com\/childrenteens\/","og_site_name":"Roseline de Th\u00e9lin","article_modified_time":"2018-02-22T18:05:47+00:00","twitter_card":"summary_large_image","twitter_misc":{"Tiempo de lectura":"2 minutos"},"schema":{"@context":"https:\/\/schema.org","@graph":[{"@type":"WebPage","@id":"https:\/\/dev.roselinedethelin.com\/childrenteens\/","url":"https:\/\/dev.roselinedethelin.com\/childrenteens\/","name":"Ni\u00f1os y J\u00f3venes - Roseline de Th\u00e9lin","isPartOf":{"@id":"https:\/\/dev.roselinedethelin.com\/#website"},"datePublished":"2017-12-18T10:49:38+00:00","dateModified":"2018-02-22T18:05:47+00:00","breadcrumb":{"@id":"https:\/\/dev.roselinedethelin.com\/childrenteens\/#breadcrumb"},"inLanguage":"es","potentialAction":[{"@type":"ReadAction","target":["https:\/\/dev.roselinedethelin.com\/childrenteens\/"]}]},{"@type":"BreadcrumbList","@id":"https:\/\/dev.roselinedethelin.com\/childrenteens\/#breadcrumb","itemListElement":[{"@type":"ListItem","position":1,"name":"Home","item":"https:\/\/dev.roselinedethelin.com\/"},{"@type":"ListItem","position":2,"name":"Ni\u00f1os y J\u00f3venes"}]},{"@type":"WebSite","@id":"https:\/\/dev.roselinedethelin.com\/#website","url":"https:\/\/dev.roselinedethelin.com\/","name":"Roseline de Th\u00e9lin","description":"Artist, Creative life coach, Art play therapist","potentialAction":[{"@type":"SearchAction","target":{"@type":"EntryPoint","urlTemplate":"https:\/\/dev.roselinedethelin.com\/?s={search_term_string}"},"query-input":"required name=search_term_string"}],"inLanguage":"es"}]}},"_links":{"self":[{"href":"https:\/\/dev.roselinedethelin.com\/es\/wp-json\/wp\/v2\/pages\/3636"}],"collection":[{"href":"https:\/\/dev.roselinedethelin.com\/es\/wp-json\/wp\/v2\/pages"}],"about":[{"href":"https:\/\/dev.roselinedethelin.com\/es\/wp-json\/wp\/v2\/types\/page"}],"author":[{"embeddable":true,"href":"https:\/\/dev.roselinedethelin.com\/es\/wp-json\/wp\/v2\/users\/2"}],"replies":[{"embeddable":true,"href":"https:\/\/dev.roselinedethelin.com\/es\/wp-json\/wp\/v2\/comments?post=3636"}],"version-history":[{"count":0,"href":"https:\/\/dev.roselinedethelin.com\/es\/wp-json\/wp\/v2\/pages\/3636\/revisions"}],"wp:attachment":[{"href":"https:\/\/dev.roselinedethelin.com\/es\/wp-json\/wp\/v2\/media?parent=3636"}],"curies":[{"name":"wp","href":"https:\/\/api.w.org\/{rel}","templated":true}]}}